{"id":2898,"date":"2020-03-21T09:21:45","date_gmt":"2020-03-21T09:21:45","guid":{"rendered":"https:\/\/demo.ovatheme.com\/ireca\/?post_type=product&#038;p=2898"},"modified":"2024-08-13T13:48:49","modified_gmt":"2024-08-13T13:48:49","slug":"mercedes-vito","status":"publish","type":"product","link":"https:\/\/www.casarentalcar.com\/22\/product\/mercedes-vito\/","title":{"rendered":"MERCEDES VITO"},"content":{"rendered":"","protected":false},"excerpt":{"rendered":"<p class=\"sb\">Service Prestige assure vos d\u00e9placements depuis et vers les gares et a\u00e9roports.<\/p>\n<p>Vos horaires de vols ou de train sont v\u00e9rifi\u00e9s en temps r\u00e9el et un service VIP Meet &amp; Greet peut aussi vous \u00eatre propos\u00e9 afin de vous aider avec vos bagages et faciliter les proc\u00e9dures douani\u00e8res. Votre chauffeur peut \u00e9galement vous conduire en toute s\u00e9r\u00e9nit\u00e9 lors de vos d\u00e9placements professionnels ou priv\u00e9s. Service Prestige met \u00e0 votre disposition des v\u00e9hicules r\u00e9cents et \u00e0 la pointe de la modernit\u00e9 afin de vous assurer un confort optimal.<\/p>\n","protected":false},"featured_media":3304,"template":"","meta":[],"product_cat":[73],"product_tag":[36],"class_list":{"0":"post-2898","1":"product","2":"type-product","3":"status-publish","4":"has-post-thumbnail","6":"type-car","7":"product_cat-mercedes","8":"product_tag-mercedes-benz-2018","10":"first","11":"instock","12":"featured","13":"shipping-taxable","14":"purchasable","15":"product-type-ovacrs_car_rental"},"_links":{"self":[{"href":"https:\/\/www.casarentalcar.com\/22\/wp-json\/wp\/v2\/product\/2898","targetHints":{"allow":["GET"]}}],"collection":[{"href":"https:\/\/www.casarentalcar.com\/22\/wp-json\/wp\/v2\/product"}],"about":[{"href":"https:\/\/www.casarentalcar.com\/22\/wp-json\/wp\/v2\/types\/product"}],"version-history":[{"count":4,"href":"https:\/\/www.casarentalcar.com\/22\/wp-json\/wp\/v2\/product\/2898\/revisions"}],"predecessor-version":[{"id":3396,"href":"https:\/\/www.casarentalcar.com\/22\/wp-json\/wp\/v2\/product\/2898\/revisions\/3396"}],"wp:featuredmedia":[{"embeddable":true,"href":"https:\/\/www.casarentalcar.com\/22\/wp-json\/wp\/v2\/media\/3304"}],"wp:attachment":[{"href":"https:\/\/www.casarentalcar.com\/22\/wp-json\/wp\/v2\/media?parent=2898"}],"wp:term":[{"taxonomy":"product_cat","embeddable":true,"href":"https:\/\/www.casarentalcar.com\/22\/wp-json\/wp\/v2\/product_cat?post=2898"},{"taxonomy":"product_tag","embeddable":true,"href":"https:\/\/www.casarentalcar.com\/22\/wp-json\/wp\/v2\/product_tag?post=2898"}],"curies":[{"name":"wp","href":"https:\/\/api.w.org\/{rel}","templated":true}]}}